{"id":108,"date":"2020-11-21T13:52:03","date_gmt":"2020-11-21T13:52:03","guid":{"rendered":"https:\/\/willecke-beratung.de\/?page_id=108"},"modified":"2020-11-21T14:43:45","modified_gmt":"2020-11-21T14:43:45","slug":"impressum-datenschutz","status":"publish","type":"page","link":"https:\/\/willecke-beratung.de\/?page_id=108","title":{"rendered":"Impressum &#038; Datenschutz"},"content":{"rendered":"<div data-label=\"Features\" data-id=\"features--1\" data-export-id=\"features-12\" data-category=\"features\" class=\"features-12 content-section content-section-spacing \" id=\"features-1\"  style=\"background-color: rgb(255, 255, 255);\"><div class=\"gridContainer\" > <div class=\"row text-center\" ><div class=\"section-title-col\" data-type=\"column\" > <h2 class=\"\"  style=\"border-bottom-color: rgb(75, 75, 75);\">Impressum &amp; Datenschutz<\/h2> <\/div> <\/div> <div class=\"row spaced-cols\" data-type=\"row\" >  <div class=\"col-sm-6\" ><div class=\"row space-bottom\" > <div class=\"col-sm-fit icon-column\" ><i class=\"fa icon fa-info bordered round color1\" ><\/i><\/div> <div class=\"col-sm\" data-type=\"column\" ><h5 class=\"color2\" ><span style=\"color: rgb(75, 75, 75);\" >Manja Willecke Consulting<\/span><\/h5> <p class=\"\" >Mackedamm 185<br >\n38835 Zilly<br >\nMobil: 0160 610 6770<br >\nE-Mail: Manja@willecke-beratung.de<\/p><\/div> <\/div><\/div> <div class=\"col-sm-6\" ><div class=\"row space-bottom\" > <div class=\"col-sm-fit icon-column\" ><i class=\"fa icon fa-photo bordered round color1\" ><\/i><\/div> <div class=\"col-sm\" data-type=\"column\" ><h5 class=\"color2\" ><span style=\"color: rgb(75, 75, 75);\" >BILDQUELLEN<\/span><\/h5> <p class=\"\" >Die Bilder auf der Website sind entweder mein Eigentum, oder wurden \u00fcber den Fotodienst Adobe Stock erworben. Einzelnachweise finden sich an den Abbildungen. Eine Kopie und\/oder Weiterverwendung der verwendeten Bilder ist urheberrechtlich untersagt.<\/p><\/div> <\/div><\/div> <div class=\"col-sm-6\" ><div class=\"row space-bottom\" > <div class=\"col-sm-fit icon-column\" ><i class=\"fa icon fa-font bordered round color1\" ><\/i><\/div> <div class=\"col-sm\" data-type=\"column\" ><h5 class=\"color2\" ><span style=\"color: rgb(75, 75, 75);\" >VERANTWORTLICHE F\u00dcR REDAKTIONELLE INHALTE NACH \u00a7 55 RSTV:<\/span><\/h5> <p class=\"\" >Manja Willecke\n<br >Mackedamm 185<br >\n38835 Zilly<\/p><\/div> <\/div><\/div> <div class=\"col-sm-6\" ><div class=\"row space-bottom\" > <div class=\"col-sm-fit icon-column\" ><i class=\"fa icon fa-balance-scale bordered round color1\" ><\/i><\/div> <div class=\"col-sm\" data-type=\"column\" ><h5 class=\"color2\" ><span style=\"color: rgb(75, 75, 75);\" >URHEBERRECHT &amp; HAFTUNGSAUSSCHLUSS<\/span><\/h5> <p class=\"\" >Die Rechte an den Inhalten dieser Website sind Manja Willecke Consulting vorbehalten. Alle genannten Warenzeichen sind selbstverst\u00e4ndlich Eigentum ihrer jeweiligen Besitzer.\n<br ><br >Die Internetseite enth\u00e4lt Links zu Internetseiten anderer Anbieter. Bitte beachten Sie, dass wir f\u00fcr die Inhalte dieser Seiten nicht haften.<\/p><\/div> <\/div><\/div><\/div><\/div> <\/div><div data-label=\"Features\" data-id=\"features--2\" data-export-id=\"features-12\" data-category=\"features\" class=\"features-12 content-section content-section-spacing\" id=\"features-2\"  style=\"background-color: rgb(255, 255, 255); background-image: none;\"><div class=\"gridContainer\" ><div data-section-title-area=\"true\" class=\"row text-center\" >   <div class=\"section-title-col\" data-type=\"column\" >                 <p  class=\"\" style=\"text-align: justify;\">Wir legen gro\u00dfen Wert auf den Schutz Ihrer Daten und die Wahrung Ihrer Privatsph\u00e4re. Um zu gew\u00e4hrleisten, dass Sie in vollem Umfang \u00fcber die Erhebung und Verwendung personenbezogener Daten auf unserer Homepage Bescheid wissen, nehmen Sie bitte nachstehende Informationen zur Kenntnis.<\/p><h3 class=\"\"  style=\"text-align: left;\">Information \u00fcber die Erhebung personenbezogener Daten und Kontaktdaten des Verantwortlichen<\/h3><p  class=\"\" style=\"text-align: justify;\">Personenbezogene Daten sind hierbei alle Daten, mit denen Sie pers\u00f6nlich identifiziert werden k\u00f6nnen. Verantwortlicher f\u00fcr die Datenverarbeitung auf dieser Website im Sinne der Datenschutz-Grundverordnung (DSGVO) ist:\n<br ><br >\n<span style=\"font-weight: 600;\" >Manja Willecke<\/span><br >\nAdresse: Mackedamm 175 38835 Zilly<br >\nTelefon: 01606106770<br >\nEmail: Manja@willecke-beratung.de\n<br ><br >\nDer f\u00fcr die Verarbeitung von personenbezogenen Daten Verantwortliche ist diejenige nat\u00fcrliche oder juristische Person, die allein oder gemeinsam mit anderen \u00fcber die Zwecke und Mittel der Verarbeitung von personenbezogenen Daten entscheidet.<\/p><h3 class=\"\"  style=\"text-align: left;\">Datenerfassung beim Besuch unserer Website<\/h3><p  class=\"\" style=\"text-align: justify;\">Bei der blo\u00df informatorischen Nutzung unserer Website, also wenn Sie sich nicht registrieren oder uns anderweitig Informationen \u00fcbermitteln, erheben wir nur solche Daten, die uns Ihr Browser \u00fcbermittelt (sog. \u201eServer-Logfiles\u201c). Wenn Sie unsere Website aufrufen, erheben wir die folgenden Daten, die f\u00fcr uns technisch erforderlich sind, um Ihnen die Website anzuzeigen:<\/p><p  class=\"\" style=\"text-align: left;\">&#8211; Unsere besuchte Website<br >&#8211; Datum, Uhrzeit und H\u00e4ufigkeit zum Zeitpunkt des Zugriffes<br >&#8211; Menge der gesendeten Daten in Byte<br >&#8211; Quelle\/Verweis, von woher Sie auf die Seite gelangten<br >&#8211; Verwendeter Browser<br >&#8211; Verwendetes Betriebssystem<br >&#8211; Verwendete IP-Adresse in anonymisierter Form<\/p><p  class=\"\" style=\"text-align: justify;\">Die Verarbeitung erfolgt gem\u00e4\u00df Art. 6 Abs. 1 lit. f DSGVO auf Basis unseres berechtigten Interesses an der Verbesserung der Stabilit\u00e4t und Funktionalit\u00e4t unserer Website. Eine Weitergabe oder anderweitige Verwendung der Daten findet nicht statt. Wir behalten uns allerdings vor, die Server-Logfiles nachtr\u00e4glich zu \u00fcberpr\u00fcfen, sollten konkrete Anhaltspunkte auf eine rechtswidrige Nutzung hinweisen.<\/p><h3 class=\"\"  style=\"text-align: left;\">Cookies<\/h3><p  class=\"\" style=\"text-align: justify;\">Wir verwenden auf unserer Homepage keinerlei Cookies.<\/p><h3 class=\"\"  style=\"text-align: justify;\">Kontaktaufnahme<\/h3><p  class=\"\" style=\"text-align: justify;\">Im Rahmen der Kontaktaufnahme mit uns (z. B. per Kontaktformular oder E-Mail) werden personenbezogene Daten erhoben. Welche Daten im Falle eines Kontaktformulars erhoben werden, ist aus dem jeweiligen Kontaktformular ersichtlich. Diese Daten werden ausschlie\u00dflich zum Zweck der Beantwortung Ihres Anliegens bzw. f\u00fcr die Kontaktaufnahme und die damit verbundene technische Administration gespeichert und verwendet. Rechtsgrundlage f\u00fcr die Verarbeitung der Daten ist unser berechtigtes Interesse an der Beantwortung Ihres Anliegens gem\u00e4\u00df Art. 6 Abs. 1 lit. f DSGVO. Zielt Ihre Kontaktierung auf den Abschluss eines Vertrages ab, so ist zus\u00e4tzliche Rechtsgrundlage f\u00fcr die Verarbeitung Art. 6 Abs. 1 lit. b DSGVO. Ihre Daten werden nach abschlie\u00dfender Bearbeitung Ihrer Anfrage gel\u00f6scht, dies ist der Fall, wenn sich aus den Umst\u00e4nden entnehmen l\u00e4sst, dass der betroffene Sachverhalt abschlie\u00dfend gekl\u00e4rt ist und sofern keine gesetzlichen Aufbewahrungspflichten entgegenstehen.<\/p><h3 class=\"\"  style=\"text-align: justify;\">Nutzung Ihrer Daten bei Bewerbungen<\/h3><p  class=\"\" style=\"text-align: justify;\">Im Zuge des Bewerbungsverfahrens erheben und verarbeiten wir personenbezogene Daten, auch auf elektronischem Wege. Rechtsgrundlage f\u00fcr die Verarbeitung ist Art. 6 Abs. Lit. b bzw. f DSGVO. Zweck ist, dass Bewerbungsverfahren durchzuf\u00fchren. Erfolgt ein Vertragsabschluss mit einem Bewerber, werden die bereits verarbeiteten personenbezogenen Daten zum Zwecke der Abwicklung des Besch\u00e4ftigungsverh\u00e4ltnisses gespeichert. Dabei werden die gesetzlichen Vorschriften beachtet. Die Daten werden gel\u00f6scht, sobald sie f\u00fcr die Erreichung des Zwecks ihrer Erhebung nicht mehr erforderlich sind. Erfolgt hingegen kein Vertragsabschluss mit dem Bewerber, l\u00f6scht der Verantwortliche die personenbezogenen Daten zwei Monate, nachdem er die Absage bekannt gegeben hat. Dies gilt lediglich vorbehaltlich sonstiger der L\u00f6schung entgegenstehender berechtigter Interessen. Ein solchen berechtigtes Interesse ist dann anzunehmen, wenn die personenbezogenen Daten ben\u00f6tigt werden, um eine Beweispflicht in einem Verfahren nach dem allgemeinen Gleichbehandlungsgrundsatz nachzukommen. Der Nutzer hat jederzeit die M\u00f6glichkeit das Bewerbungsverfahren und somit die Verarbeitung seiner personenbezogenen Daten zu beenden. Alle personenbezogenen Daten, die im Zuge des Bewerbungsverfahrens gespeichert wurden, werden in diesem Fall gel\u00f6scht, sofern nicht ein vorbezeichnetes Interesse des Verwenders an der Speicherung besteht.<\/p><h3 class=\"\"  style=\"text-align: justify;\">Rechte des Betroffenen<\/h3><p  class=\"\" style=\"text-align: justify;\">Das geltende Datenschutzrecht gew\u00e4hrt Ihnen gegen\u00fcber dem Verantwortlichen hinsichtlich der Verarbeitung Ihrer personenbezogenen Daten umfassende Betroffenenrechte (Auskunfts- und Interventionsrechte), \u00fcber die wir Sie nachstehend informieren:\n<br ><br ><span style=\"font-weight: 600;\" >\nAuskunftsrecht gem\u00e4\u00df Art. 15 DSGVO:<\/span><br >\nSie haben insbesondere ein Recht auf Auskunft \u00fcber Ihre von uns verarbeiteten personenbezogenen Daten, die Verarbeitungszwecke, die Kategorien der verarbeiteten personenbezogenen Daten, die Empf\u00e4nger oder Kategorien von Empf\u00e4ngern, gegen\u00fcber denen Ihre Daten offengelegt wurden oder werden, die geplante Speicherdauer bzw. die Kriterien f\u00fcr die Festlegung der Speicherdauer, das Bestehen eines Rechts auf Berichtigung, L\u00f6schung, Einschr\u00e4nkung der Verarbeitung, Widerspruch gegen die Verarbeitung, Beschwerde bei einer Aufsichtsbeh\u00f6rde, die Herkunft Ihrer Daten, wenn diese nicht durch uns bei Ihnen erhoben wurden, das Bestehen einer automatisierten Entscheidungsfindung einschlie\u00dflich Profiling und ggf. aussagekr\u00e4ftige Informationen \u00fcber die involvierte Logik und die Sie betreffende Tragweite und die angestrebten Auswirkungen einer solchen Verarbeitung, sowie Ihr Recht auf Unterrichtung, welche Garantien gem\u00e4\u00df Art. 46 DSGVO bei Weiterleitung Ihrer Daten in Drittl\u00e4nder bestehen;\n<br ><br >\n<span style=\"font-weight: 600;\" >Recht auf Berichtigung gem\u00e4\u00df Art. 16 DSGVO:<\/span><br >\nSie haben ein Recht auf unverz\u00fcgliche Berichtigung Sie betreffender unrichtiger Daten und\/oder Vervollst\u00e4ndigung Ihrer bei uns gespeicherten unvollst\u00e4ndigen Daten;\n<br ><br >\n<span style=\"font-weight: 600;\" >Recht auf L\u00f6schung gem\u00e4\u00df Art. 17 DSGVO:<\/span><br >\nSie haben das Recht, die L\u00f6schung Ihrer personenbezogenen Daten bei Vorliegen der Voraussetzungen des Art. 17 Abs. 1 DSGVO zu verlangen. Dieses Recht besteht jedoch insbesondere dann nicht, wenn die Verarbeitung zur Aus\u00fcbung des Rechts auf freie Meinungs\u00e4u\u00dferung und Information, zur Erf\u00fcllung einer rechtlichen Verpflichtung, aus Gr\u00fcnden des \u00f6ffentlichen Interesses oder zur Geltendmachung, Aus\u00fcbung oder Verteidigung von Rechtsanspr\u00fcchen erforderlich ist;\n<br ><br >\n<span style=\"font-weight: 600;\" >Recht auf Einschr\u00e4nkung der Verarbeitung gem\u00e4\u00df Art. 18 DSGVO:<\/span><br >\nSie haben das Recht, die Einschr\u00e4nkung der Verarbeitung Ihrer personenbezogenen Daten zu verlangen, solange die von Ihnen bestrittene Richtigkeit Ihrer Daten \u00fcberpr\u00fcft wird, wenn Sie eine L\u00f6schung Ihrer Daten wegen unzul\u00e4ssiger Datenverarbeitung ablehnen und stattdessen die Einschr\u00e4nkung der Verarbeitung Ihrer Daten verlangen, wenn Sie Ihre Daten zur Geltendmachung, Aus\u00fcbung oder Verteidigung von Rechtsanspr\u00fcchen ben\u00f6tigen, nachdem wir diese Daten nach Zweckerreichung nicht mehr ben\u00f6tigen oder wenn Sie Widerspruch aus Gr\u00fcnden Ihrer besonderen Situation eingelegt haben, solange noch nicht feststeht, ob unsere berechtigten Gr\u00fcnde \u00fcberwiegen;\n<br ><br >\n<span style=\"font-weight: 600;\" >Recht auf Unterrichtung gem\u00e4\u00df Art. 19 DSGVO:<\/span><br >\nHaben Sie das Recht auf Berichtigung, L\u00f6schung oder Einschr\u00e4nkung der Verarbeitung gegen\u00fcber dem Verantwortlichen geltend gemacht, ist dieser verpflichtet, allen Empf\u00e4ngern, denen die Sie betreffenden personenbezogenen Daten offengelegt wurden, diese Berichtigung oder L\u00f6schung der Daten oder Einschr\u00e4nkung der Verarbeitung mitzuteilen, es sei denn, dies erweist sich als unm\u00f6glich oder ist mit einem unverh\u00e4ltnism\u00e4\u00dfigen Aufwand verbunden. Ihnen steht das Recht zu, \u00fcber diese Empf\u00e4nger unterrichtet zu werden.<br >\nRecht auf Daten\u00fcbertragbarkeit gem\u00e4\u00df Art. 20 DSGVO: Sie haben das Recht, Ihre personenbezogenen Daten, die Sie uns bereitgestellt haben, in einem strukturierten, g\u00e4ngigen und maschinenlesebaren Format zu erhalten oder die \u00dcbermittlung an einen anderen Verantwortlichen zu verlangen, soweit dies technisch machbar ist;\n<br ><br >\n<span style=\"font-weight: 600;\" >Recht auf Widerruf erteilter Einwilligungen gem\u00e4\u00df Art. 7 Abs. 3 DSGVO:<\/span><br >\nSie haben das Recht, eine einmal erteilte Einwilligung in die Verarbeitung von Daten jederzeit mit Wirkung f\u00fcr die Zukunft zu widerrufen. Im Falle des Widerrufs werden wir die betroffenen Daten unverz\u00fcglich l\u00f6schen, sofern eine weitere Verarbeitung nicht auf eine Rechtsgrundlage zur einwilligungslosen Verarbeitung gest\u00fctzt werden kann. Durch den Widerruf der Einwilligung wird die Rechtm\u00e4\u00dfigkeit der aufgrund der Einwilligung bis zum Widerruf erfolgten Verarbeitung nicht ber\u00fchrt;\n<br ><br >\n<span style=\"font-weight: 600;\" >Recht auf Beschwerde gem\u00e4\u00df Art. 77 DSGVO:<\/span><br >\nWenn Sie der Ansicht sind, dass die Verarbeitung der Sie betreffenden personenbezogenen Daten gegen die DSGVO verst\u00f6\u00dft, haben Sie \u2013 unbeschadet eines anderweitigen verwaltungsrechtlichen oder gerichtlichen Rechtsbehelfs \u2013 das Recht auf Beschwerde bei einer Aufsichtsbeh\u00f6rde, insbesondere in dem Mitgliedstaat Ihres Aufenthaltsortes, Ihres Arbeitsplatzes oder des Ortes des mutma\u00dflichen Versto\u00dfes. Eine Liste der deutschen Datenschutzbeauftragten sowie deren Kontaktdaten k\u00f6nnen folgendem Link entnommen werden: https:\/\/www.bfdi.bund.de\/DE\/Infothek\/\u00adAnschriften_Links\/anschriften_links-node.html.\n<br ><br ><span style=\"font-weight: 600;\" >WIDERSPRUCHSRECHT<\/span><br >\nWENN WIR IM RAHMEN EINER INTERESSENABW\u00c4GUNG IHRE PERSONENBEZOGENEN DATEN AUFGRUND UNSERES \u00dcBERWIEGENDEN BERECHTIGTEN INTERESSES VERARBEITEN, HABEN SIE DAS JEDERZEITIGE RECHT, AUS GR\u00dcNDEN, DIE SICH AUS IHRER BESONDEREN SITUATION ERGEBEN, GEGEN DIESE VERARBEITUNG WIDERSPRUCH MIT WIRKUNG F\u00dcR DIE ZUKUNFT EINZULEGEN.<br >\nMACHEN SIE VON IHREM WIDERSPRUCHSRECHT GEBRAUCH, BEENDEN WIR DIE VERARBEITUNG DER BETROFFENEN DATEN. EINE WEITERVERARBEITUNG BLEIBT ABER VORBEHALTEN, WENN WIR ZWINGENDE SCHUTZW\u00dcRDIGE GR\u00dcNDE F\u00dcR DIE VERARBEITUNG NACHWEISEN K\u00d6NNEN, DIE IHRE INTERESSEN, GRUNDRECHTE UND GRUNDFREIHEITEN \u00dcBERWIEGEN, ODER WENN DIE VERARBEITUNG DER GELTENDMACHUNG, AUS\u00dcBUNG ODER VERTEIDIGUNG VON RECHTSANSPR\u00dcCHEN DIENT.<br >\nWERDEN IHRE PERSONENBEZOGENEN DATEN VON UNS VERARBEITET, UM DIREKTWERBUNG ZU BETREIBEN, HABEN SIE DAS RECHT, JEDERZEIT WIDERSPRUCH GEGEN DIE VERARBEITUNG SIE BETREFFENDER PERSONENBEZOGENER DATEN ZUM ZWECKE DERARTIGER WERBUNG EINZULEGEN. SIE K\u00d6NNEN DEN WIDERSPRUCH WIE OBEN BESCHRIEBEN AUS\u00dcBEN.<br >\nMACHEN SIE VON IHREM WIDERSPRUCHSRECHT GEBRAUCH, BEENDEN WIR DIE VERARBEITUNG DER BETROFFENEN DATEN ZU DIREKTWERBEZWECKEN.<\/p><h3 class=\"\"  style=\"text-align: justify;\">Dauer der Speicherung personenbezogener Daten<\/h3><p  class=\"\" style=\"text-align: justify;\">Die Dauer der Speicherung von personenbezogenen Daten bemisst sich anhand der jeweiligen gesetzlichen Aufbewahrungsfrist (z. B. handels- und steuerrechtliche Aufbewahrungsfristen). Nach Ablauf der Frist werden die entsprechenden Daten routinem\u00e4\u00dfig gel\u00f6scht, sofern sie nicht mehr zur Vertragserf\u00fcllung oder Vertragsanbahnung erforderlich sind und\/oder unsererseits kein berechtigtes Interesse an der Weiterspeicherung fortbesteht.<\/p><h3 class=\"\"  style=\"text-align: justify;\">Einsatz von Google Maps<\/h3><p  class=\"\" style=\"text-align: justify;\">Diese Seite nutzt \u00fcber eine API den Kartendienst Google Maps. Anbieter ist die Google Ireland Limited (\u201cGoogle\u201d), Gordon House, Barrow Street, Dublin 4, Irland.<br >\nZur Nutzung der Funktionen von Google Maps ist es notwendig, Ihre IP Adresse zu speichern. Diese Informationen werden in der Regel an einen Server von Google in den USA \u00fcbertragen und dort gespeichert. Der Anbieter dieser Seite hat keinen Einfluss auf diese Daten\u00fcbertragung.<br >\nDie Nutzung von Google Maps erfolgt im Interesse einer ansprechenden Darstellung unserer Online-Angebote und an einer leichten Auffindbarkeit der von uns auf der Website angegebenen Orte. Dies stellt ein berechtigtes Interesse im Sinne von Art. 6 Abs. 1 lit. f DSGVO dar.<br >\nMehr Informationen zum Umgang mit Nutzerdaten finden Sie in der Datenschutzhinweis von Google: https:\/\/policies.google.com\/privacy?hl=de.<\/p><\/div><\/div>  <div class=\"row spaced-cols\" data-type=\"row\" >    <div class=\"col-sm-6\" ><div class=\"row space-bottom\" > <div class=\"col-sm-fit icon-column\"  data-preview-empty=\"1\"><\/div> <div class=\"col-sm\" data-type=\"column\" > <\/div> <\/div><\/div> <\/div><\/div> <\/div>","protected":false},"excerpt":{"rendered":"<p>Impressum &amp; Datenschutz Manja Willecke Consulting Mackedamm 185 38835 Zilly Mobil: 0160 610 6770 E-Mail: Manja@willecke-beratung.de BILDQUELLEN Die Bilder auf der Website sind entweder mein Eigentum, oder wurden \u00fcber den Fotodienst Adobe Stock erworben. Einzelnachweise finden sich an den Abbildungen. Eine Kopie und\/oder Weiterverwendung der verwendeten Bilder ist urheberrechtlich untersagt. VERANTWORTLICHE F\u00dcR REDAKTIONELLE INHALTE NACH&hellip; <br \/> <a class=\"read-more\" href=\"https:\/\/willecke-beratung.de\/?page_id=108\">Read more<\/a><\/p>\n","protected":false},"author":1,"featured_media":0,"parent":0,"menu_order":0,"comment_status":"closed","ping_status":"closed","template":"pro\/page-templates\/full-width-page.php","meta":{"footnotes":""},"class_list":["post-108","page","type-page","status-publish","hentry"],"_links":{"self":[{"href":"https:\/\/willecke-beratung.de\/index.php?rest_route=\/wp\/v2\/pages\/108","targetHints":{"allow":["GET"]}}],"collection":[{"href":"https:\/\/willecke-beratung.de\/index.php?rest_route=\/wp\/v2\/pages"}],"about":[{"href":"https:\/\/willecke-beratung.de\/index.php?rest_route=\/wp\/v2\/types\/page"}],"author":[{"embeddable":true,"href":"https:\/\/willecke-beratung.de\/index.php?rest_route=\/wp\/v2\/users\/1"}],"replies":[{"embeddable":true,"href":"https:\/\/willecke-beratung.de\/index.php?rest_route=%2Fwp%2Fv2%2Fcomments&post=108"}],"version-history":[{"count":3,"href":"https:\/\/willecke-beratung.de\/index.php?rest_route=\/wp\/v2\/pages\/108\/revisions"}],"predecessor-version":[{"id":117,"href":"https:\/\/willecke-beratung.de\/index.php?rest_route=\/wp\/v2\/pages\/108\/revisions\/117"}],"wp:attachment":[{"href":"https:\/\/willecke-beratung.de\/index.php?rest_route=%2Fwp%2Fv2%2Fmedia&parent=108"}],"curies":[{"name":"wp","href":"https:\/\/api.w.org\/{rel}","templated":true}]}}