{"id":85,"date":"2020-11-21T13:09:22","date_gmt":"2020-11-21T13:09:22","guid":{"rendered":"https:\/\/willecke-beratung.de\/?page_id=85"},"modified":"2020-11-21T14:45:54","modified_gmt":"2020-11-21T14:45:54","slug":"person","status":"publish","type":"page","link":"https:\/\/willecke-beratung.de\/?page_id=85","title":{"rendered":"\u00dcber mich"},"content":{"rendered":"<div  data-label=\"Content\" data-id=\"content--1\" data-export-id=\"content-5\" data-category=\"content\" class=\"content-5 content-section content-section-spacing\" id=\"content-1\" style=\"background-color: rgb(245, 250, 253); background-size: cover; background-image: url(&quot;https:\/\/willecke-beratung.de\/wp-content\/uploads\/2020\/11\/Bkgrd_Lion.png&quot;); background-position: center top;\"><div  class=\"gridContainer\">  <div  class=\"row middle-sm\"> <div  class=\"col-sm-6 space-bottom-xs\"> <div  class=\"row space-bottom content-holder\" data-type=\"column\"> <h3  class=\"color2\"><font  color=\"#4b4b4b\"><span  style=\"caret-color: rgb(75, 75, 75);\">MANJA WILLECKE<\/span><\/font><\/h3> <p  class=\"\">Ich stehe f\u00fcr Wertsch\u00e4tzung auf Augenh\u00f6he und innere Klarheit. Ich begeistere mich f\u00fcr starke Visionen mit einem agilen Mindset. Achtsamkeit und echte Selbstverantwortung bilden die Basis f\u00fcr kollaborative Zusammenarbeit.<\/p><\/div> <div  class=\"row space-bottom\" data-type=\"row\"><div  class=\"col-sm-6 space-bottom\">  <h5  class=\"\">Erfahrung<\/h5> <p  class=\"\">Kaufm\u00e4nnische Ausbildung und Studium zur Betriebswirtin. Dazwischen liegen \u00fcber 20 Jahre Berufserfahrung sowie Durch-setzungsst\u00e4rke von der auch Sie profitieren k\u00f6nnen. Die Kombination aus Mensch, Maschine &amp; Prozessen war f\u00fcr mich auch im Schwermaschi-nenbau von gr\u00f6\u00dfter Bedeutung.<\/p><\/div>  <div  class=\"col-sm-6\"> <h5  class=\"\">Gegenwart<\/h5> <p  class=\"\">Ein Studiengang in Psychologie, Ausbildung zur Paarberaterin, Coach sowie mentaler Trainerin\/Heilerin runden meine Kompetenz ab.<\/p><\/div><div  class=\"col-sm-6 space-bottom\"> <h5  class=\"\">Zukunft<\/h5> <p  class=\"\">Ich forme Ihre Menschen \u2013 vom Jugendlichen \u00fcber Mitarbeiter und F\u00fchrungskr\u00e4fte. Mensch &amp; Prozesse sowie wirtschaftliches Denken \u2013 mein holistischer Ansatz.<\/p><\/div>  <\/div><\/div> <div  class=\"col-sm-6 flexbox around-xs top-xs space-bottom-xs\"><div  class=\"overlay-box flexbox middle-xs center-xs overlay-holder\"> <div  class=\"overlay-box-offset offset-background shadow-medium bg-color2 hide-xs\"><\/div> <img decoding=\"async\"  class=\"flexbox shadow-large img1\" data-size=\"485x632\" src=\"https:\/\/willecke-beratung.de\/wp-content\/uploads\/2020\/11\/cropped-FO7A1245_small-1.jpg\" alt=\"\" title=\"cropped-FO7A1245_small-1.jpg\"><\/div> <\/div><\/div> <\/div><\/div>","protected":false},"excerpt":{"rendered":"<p>MANJA WILLECKE Ich stehe f\u00fcr Wertsch\u00e4tzung auf Augenh\u00f6he und innere Klarheit. Ich begeistere mich f\u00fcr starke Visionen mit einem agilen Mindset. Achtsamkeit und echte Selbstverantwortung bilden die Basis f\u00fcr kollaborative Zusammenarbeit. Erfahrung Kaufm\u00e4nnische Ausbildung und Studium zur Betriebswirtin. Dazwischen liegen \u00fcber 20 Jahre Berufserfahrung sowie Durch-setzungsst\u00e4rke von der auch Sie profitieren k\u00f6nnen. Die Kombination aus&hellip; <br \/> <a class=\"read-more\" href=\"https:\/\/willecke-beratung.de\/?page_id=85\">Read more<\/a><\/p>\n","protected":false},"author":1,"featured_media":0,"parent":0,"menu_order":0,"comment_status":"closed","ping_status":"closed","template":"pro\/page-templates\/full-width-page.php","meta":{"footnotes":""},"class_list":["post-85","page","type-page","status-publish","hentry"],"_links":{"self":[{"href":"https:\/\/willecke-beratung.de\/index.php?rest_route=\/wp\/v2\/pages\/85","targetHints":{"allow":["GET"]}}],"collection":[{"href":"https:\/\/willecke-beratung.de\/index.php?rest_route=\/wp\/v2\/pages"}],"about":[{"href":"https:\/\/willecke-beratung.de\/index.php?rest_route=\/wp\/v2\/types\/page"}],"author":[{"embeddable":true,"href":"https:\/\/willecke-beratung.de\/index.php?rest_route=\/wp\/v2\/users\/1"}],"replies":[{"embeddable":true,"href":"https:\/\/willecke-beratung.de\/index.php?rest_route=%2Fwp%2Fv2%2Fcomments&post=85"}],"version-history":[{"count":5,"href":"https:\/\/willecke-beratung.de\/index.php?rest_route=\/wp\/v2\/pages\/85\/revisions"}],"predecessor-version":[{"id":119,"href":"https:\/\/willecke-beratung.de\/index.php?rest_route=\/wp\/v2\/pages\/85\/revisions\/119"}],"wp:attachment":[{"href":"https:\/\/willecke-beratung.de\/index.php?rest_route=%2Fwp%2Fv2%2Fmedia&parent=85"}],"curies":[{"name":"wp","href":"https:\/\/api.w.org\/{rel}","templated":true}]}}