{"id":87,"date":"2020-11-21T13:09:22","date_gmt":"2020-11-21T13:09:22","guid":{"rendered":"https:\/\/willecke-beratung.de\/?page_id=87"},"modified":"2022-12-27T17:59:03","modified_gmt":"2022-12-27T16:59:03","slug":"privatpersonen","status":"publish","type":"page","link":"https:\/\/willecke-beratung.de\/?page_id=87","title":{"rendered":"Privatpersonen"},"content":{"rendered":"<div  data-label=\"About\" data-id=\"about--1\" data-export-id=\"about-images-right-section\" data-category=\"about\" class=\"about-images-right-section content-section content-section-spacing\" id=\"about-1\" style=\"background-color: rgb(241, 241, 241); background-image: none;\"><div  class=\"gridContainer\"> <div  class=\"row middle-sm text-center\"><div  class=\"col-sm-5 content-left-sm\" data-type=\"column\"> <h5  class=\"\">PRIVATPERSONEN<\/h5> <h2  class=\"\" style=\"border-bottom-color: rgb(75, 75, 75);\">Die eigene&nbsp;<br > <span  style=\"font-family: Playfair Display,sans-serif; font-weight: 700; font-style: italic;\" href=\"#\">Pers\u00f6nlichkeit<\/span> st\u00e4rken und entwickeln<\/h2> <p  class=\"\">In Unternehmungen, Institutionen, Schulen, Gesundheitswesen, \u00fcberall dort, wo Menschen gemeinsam an Zielen arbeiten, gibt es Prozesse zur Erreichung der Ziele.<br >\nJedes Individuum denkt, f\u00fchlt, reagiert auf unterschiedliche Weise \u2013 INDIVIDUELL. Genau hier setze ich an.<\/p> <\/div> <div  class=\"col-sm-7 space-bottom-xs\"><div  class=\"image-group-side-3-img\"> <img decoding=\"async\"  class=\"topimg shadow-large\" src=\"https:\/\/willecke-beratung.de\/wp-content\/uploads\/2020\/11\/cropped-AdobeStock_64346479_small-1.jpg\" alt=\"\" title=\"cropped-AdobeStock_64346479_small-1.jpg\"> <img decoding=\"async\"  class=\"rightimg shadow-large\" src=\"https:\/\/willecke-beratung.de\/wp-content\/plugins\/mesmerize-companion\/theme-data\/mesmerize\/sections\/images\/background-2498615.jpg\"> <div  class=\"leftimg\"> <a data-cp-link=\"1\" href=\"#\" target=\"_self\" rel=\"noopener noreferrer\"><img decoding=\"async\"  class=\"shadow-large\" src=\"https:\/\/willecke-beratung.de\/wp-content\/plugins\/mesmerize-companion\/theme-data\/mesmerize\/sections\/images\/people-2605526.jpg\"><\/a><\/div> <\/div><\/div> <\/div><\/div> <\/div><div  data-label=\"Features\" data-id=\"features--1\" data-export-id=\"features-12-card-bordered-colored\" data-category=\"features\" class=\"features-12-card-bordered-colored content-section content-section-spacing\" id=\"features-1\" style=\"background-color: rgb(255, 255, 255); background-image: none;\"><div  class=\"gridContainer\"><div  class=\"row text-center\"><div  class=\"section-title-col\" data-type=\"column\"> <h2  class=\"\" style=\"border-bottom-color: rgb(75, 75, 75);\">Individualisierte Vorgehensweise<\/h2> <p  class=\"lead\">Gemeinsam entwickeln wir eine Vorgehensweise, welche auf anerkannten Methoden beruht und den aktuellen Stand der Wissenschaft ber\u00fccksichtigt.<\/p><\/div> <\/div> <div  class=\"row spaced-cols\" data-type=\"row\">    <div  class=\"col-xs-12 col-sm-6\"> <div  class=\"card row-card bottom-border-color1\"> <div  class=\"row\"> <div  class=\"col-sm-fit icon-column\"> <i  class=\"fa icon fa-envira reverse round color1\"><\/i> <\/div> <div  class=\"col-sm\" data-type=\"column\"> <h5  class=\"color2\"><span  style=\"color: rgb(75, 75, 75);\">Geistige Heilweisen &amp; Aura Therapie<\/span><\/h5> <p  class=\"\">Wie ist die derzeitige Situation? Wo wollen Sie hin? Welche Mittel stehen zur Verf\u00fcgung?<\/p><\/div> <\/div><\/div> <\/div><div  class=\"col-xs-12 col-sm-6\"> <div  class=\"card row-card bottom-border-color1\"> <div  class=\"row\"> <div  class=\"col-sm-fit icon-column\"> <i  class=\"fa icon fa-balance-scale reverse round color1\"><\/i> <\/div> <div  class=\"col-sm\" data-type=\"column\"> <h5  class=\"color2\"><span  style=\"color: rgb(75, 75, 75);\">Chakra Reinigung &amp; Wirbels\u00e4ulen Aufrichtung<\/span><\/h5> <p  class=\"\">\u00c4ngste und Erfahrungen verarbeiten und in einen gesunden Lebensstil zur\u00fcckfinden.<\/p><\/div> <\/div><\/div> <\/div><\/div> <\/div><\/div>","protected":false},"excerpt":{"rendered":"<p>PRIVATPERSONEN Die eigene&nbsp; Pers\u00f6nlichkeit st\u00e4rken und entwickeln In Unternehmungen, Institutionen, Schulen, Gesundheitswesen, \u00fcberall dort, wo Menschen gemeinsam an Zielen arbeiten, gibt es Prozesse zur Erreichung der Ziele. Jedes Individuum denkt, f\u00fchlt, reagiert auf unterschiedliche Weise \u2013 INDIVIDUELL. Genau hier setze ich an. Individualisierte Vorgehensweise Gemeinsam entwickeln wir eine Vorgehensweise, welche auf anerkannten Methoden beruht und&hellip; <br \/> <a class=\"read-more\" href=\"https:\/\/willecke-beratung.de\/?page_id=87\">Read more<\/a><\/p>\n","protected":false},"author":1,"featured_media":0,"parent":0,"menu_order":0,"comment_status":"closed","ping_status":"closed","template":"pro\/page-templates\/full-width-page.php","meta":{"footnotes":""},"class_list":["post-87","page","type-page","status-publish","hentry"],"_links":{"self":[{"href":"https:\/\/willecke-beratung.de\/index.php?rest_route=\/wp\/v2\/pages\/87","targetHints":{"allow":["GET"]}}],"collection":[{"href":"https:\/\/willecke-beratung.de\/index.php?rest_route=\/wp\/v2\/pages"}],"about":[{"href":"https:\/\/willecke-beratung.de\/index.php?rest_route=\/wp\/v2\/types\/page"}],"author":[{"embeddable":true,"href":"https:\/\/willecke-beratung.de\/index.php?rest_route=\/wp\/v2\/users\/1"}],"replies":[{"embeddable":true,"href":"https:\/\/willecke-beratung.de\/index.php?rest_route=%2Fwp%2Fv2%2Fcomments&post=87"}],"version-history":[{"count":8,"href":"https:\/\/willecke-beratung.de\/index.php?rest_route=\/wp\/v2\/pages\/87\/revisions"}],"predecessor-version":[{"id":166,"href":"https:\/\/willecke-beratung.de\/index.php?rest_route=\/wp\/v2\/pages\/87\/revisions\/166"}],"wp:attachment":[{"href":"https:\/\/willecke-beratung.de\/index.php?rest_route=%2Fwp%2Fv2%2Fmedia&parent=87"}],"curies":[{"name":"wp","href":"https:\/\/api.w.org\/{rel}","templated":true}]}}